{"id":11286,"date":"2018-07-17T14:32:12","date_gmt":"2018-07-17T14:32:12","guid":{"rendered":"https:\/\/tinostone.com\/es\/politica-de-calidad-y-medio-ambiente\/"},"modified":"2024-03-28T11:49:11","modified_gmt":"2024-03-28T11:49:11","slug":"politica-de-calidad-y-medio-ambiente","status":"publish","type":"page","link":"https:\/\/tinostone.com\/es\/politica-de-calidad-y-medio-ambiente\/","title":{"rendered":"Pol\u00edtica de calidad y Medio Ambiente"},"content":{"rendered":"<div class=\"fusion-fullwidth fullwidth-box fusion-builder-row-1 fusion-flex-container nonhundred-percent-fullwidth non-hundred-percent-height-scrolling\" style=\"--awb-border-radius-top-left:0px;--awb-border-radius-top-right:0px;--awb-border-radius-bottom-right:0px;--awb-border-radius-bottom-left:0px;--awb-padding-top:61px;--awb-flex-wrap:wrap;\" ><div class=\"fusion-builder-row fusion-row fusion-flex-align-items-flex-start fusion-flex-justify-content-center fusion-flex-content-wrap\" style=\"max-width:1248px;margin-left: calc(-4% \/ 2 );margin-right: calc(-4% \/ 2 );\"><div class=\"fusion-layout-column fusion_builder_column fusion-builder-column-0 fusion_builder_column_3_4 3_4 fusion-flex-column\" style=\"--awb-bg-size:cover;--awb-width-large:75%;--awb-margin-top-large:0px;--awb-spacing-right-large:2.56%;--awb-margin-bottom-large:0px;--awb-spacing-left-large:2.56%;--awb-width-medium:75%;--awb-spacing-right-medium:2.56%;--awb-spacing-left-medium:2.56%;--awb-width-small:100%;--awb-spacing-right-small:1.92%;--awb-spacing-left-small:1.92%;\"><div class=\"fusion-column-wrapper fusion-flex-justify-content-flex-start fusion-content-layout-column\"><div class=\"fusion-text fusion-text-1\"><p><span style=\"color: var(--awb-text-color); font-family: var(--awb-text-font-family); font-size: var(--awb-font-size); font-style: var(--awb-text-font-style); font-weight: var(--awb-text-font-weight); letter-spacing: var(--awb-letter-spacing); text-align: var(--awb-content-alignment); text-transform: var(--awb-text-transform); background-color: var(--awb-bg-color-hover);\">LUXURY STONE TINO, S.L.<\/span><\/p>\n<p>Empresa especializada en \u00abLa comercializaci\u00f3n de productos en piedra natural\u00bb. Nuestro objetivo es trabajar bajo un sistema de CALIDAD documentado y verificado regularmente, al nivel establecido por las normas UNE-EN-ISO 9001: 2015 y UNE-EN-ISO 14001: 2015, como una forma de garantizar que todos los requisitos aplicables son reuni\u00f3. Empresa y la mejora del medio ambiente.<\/p>\n<p><strong>Compromisos<\/strong><\/p>\n<p>Nos comprometemos a cumplir los requisitos de nuestros clientes, partes interesadas y los requisitos legales y reglamentarios, as\u00ed como otros requisitos que la organizaci\u00f3n suscriba. Nos comprometemos a mejorar continuamente la eficacia del Sistema de Gesti\u00f3n de Calidad y Medio Ambiente, con el objetivo de alcanzar los objetivos de la empresa de la manera m\u00e1s eficiente para satisfacer a los clientes y las partes interesadas y respetar el medio ambiente, evitando la contaminaci\u00f3n. Nos comprometemos a ofrecer la m\u00e1s alta calidad de nuestros productos de manera estandarizada, entendida para la satisfacci\u00f3n total del cliente, como garant\u00eda de continuidad, crecimiento y desarrollo. Proporcionar los recursos materiales y humanos necesarios para el logro de los objetivos, con la convicci\u00f3n de que el costo que esto implica no es m\u00e1s que la inversi\u00f3n m\u00e1s rentable a la que puede aspirar esta empresa.<\/p>\n<p><strong>Estrategias<\/strong><\/p>\n<p>Utilice la gesti\u00f3n de la calidad como una herramienta para la mejora continua, que permite eliminar los costos de la no calidad que afectan, por una parte, a la insatisfacci\u00f3n de los clientes y, por otra parte, a la p\u00e9rdida de competitividad de nuestra empresa. Satisfacer las necesidades y expectativas de nuestros clientes con respecto a la calidad de los productos de piedra natural y las condiciones de entrega, como garant\u00eda de continuidad, crecimiento y desarrollo. Utilizaremos la gesti\u00f3n de calidad como una herramienta para la mejora continua, lo que nos permite optimizar la gesti\u00f3n interna de nuestra empresa, buscando satisfacer las necesidades y expectativas de nuestros clientes. Transmitiremos la cultura de la calidad y el medio ambiente a todo el personal, d\u00e1ndoles a conocer la importancia de su papel en la contribuci\u00f3n a la imagen buscada con el cliente y el resto de las partes interesadas y el respeto por el medio ambiente. Administrar la oficina y las instalaciones de manera que se reduzcan los impactos ambientales negativos y el uso de los recursos naturales. Hacer de la CALIDAD en nuestra empresa una diferencia de concepto con respecto a la competencia.<\/p>\n<\/div><\/div><\/div><\/div><\/div>\n","protected":false},"excerpt":{"rendered":"","protected":false},"author":15,"featured_media":0,"parent":0,"menu_order":0,"comment_status":"closed","ping_status":"closed","template":"","meta":{"_acf_changed":false,"footnotes":""},"class_list":["post-11286","page","type-page","status-publish","hentry"],"acf":[],"yoast_head":"<!-- This site is optimized with the Yoast SEO plugin v27.5 - https:\/\/yoast.com\/product\/yoast-seo-wordpress\/ -->\n<title>Pol\u00edtica de calidad y Medio Ambiente - TINO<\/title>\n<meta name=\"robots\" content=\"index, follow, max-snippet:-1, max-image-preview:large, max-video-preview:-1\" \/>\n<link rel=\"canonical\" href=\"https:\/\/tinostone.com\/es\/politica-de-calidad-y-medio-ambiente\/\" \/>\n<meta property=\"og:locale\" content=\"es_ES\" \/>\n<meta property=\"og:type\" content=\"article\" \/>\n<meta property=\"og:title\" content=\"Pol\u00edtica de calidad y Medio Ambiente - TINO\" \/>\n<meta property=\"og:url\" content=\"https:\/\/tinostone.com\/es\/politica-de-calidad-y-medio-ambiente\/\" \/>\n<meta property=\"og:site_name\" content=\"TINO\" \/>\n<meta property=\"article:publisher\" content=\"https:\/\/www.facebook.com\/tinonaturalstone\/?ref=bookmarks\" \/>\n<meta property=\"article:modified_time\" content=\"2024-03-28T11:49:11+00:00\" \/>\n<meta name=\"twitter:card\" content=\"summary_large_image\" \/>\n<meta name=\"twitter:site\" content=\"@tinostone_\" \/>\n<meta name=\"twitter:label1\" content=\"Tiempo de lectura\" \/>\n\t<meta name=\"twitter:data1\" content=\"3 minutos\" \/>\n<script type=\"application\/ld+json\" class=\"yoast-schema-graph\">{\"@context\":\"https:\\\/\\\/schema.org\",\"@graph\":[{\"@type\":\"WebPage\",\"@id\":\"https:\\\/\\\/tinostone.com\\\/es\\\/politica-de-calidad-y-medio-ambiente\\\/\",\"url\":\"https:\\\/\\\/tinostone.com\\\/es\\\/politica-de-calidad-y-medio-ambiente\\\/\",\"name\":\"Pol\u00edtica de calidad y Medio Ambiente - TINO\",\"isPartOf\":{\"@id\":\"https:\\\/\\\/tinostone.com\\\/#website\"},\"datePublished\":\"2018-07-17T14:32:12+00:00\",\"dateModified\":\"2024-03-28T11:49:11+00:00\",\"inLanguage\":\"es\",\"potentialAction\":[{\"@type\":\"ReadAction\",\"target\":[\"https:\\\/\\\/tinostone.com\\\/es\\\/politica-de-calidad-y-medio-ambiente\\\/\"]}]},{\"@type\":\"WebSite\",\"@id\":\"https:\\\/\\\/tinostone.com\\\/#website\",\"url\":\"https:\\\/\\\/tinostone.com\\\/\",\"name\":\"TINO\",\"description\":\"Natural Stone\",\"potentialAction\":[{\"@type\":\"SearchAction\",\"target\":{\"@type\":\"EntryPoint\",\"urlTemplate\":\"https:\\\/\\\/tinostone.com\\\/?s={search_term_string}\"},\"query-input\":{\"@type\":\"PropertyValueSpecification\",\"valueRequired\":true,\"valueName\":\"search_term_string\"}}],\"inLanguage\":\"es\"}]}<\/script>\n<!-- \/ Yoast SEO plugin. -->","yoast_head_json":{"title":"Pol\u00edtica de calidad y Medio Ambiente - TINO","robots":{"index":"index","follow":"follow","max-snippet":"max-snippet:-1","max-image-preview":"max-image-preview:large","max-video-preview":"max-video-preview:-1"},"canonical":"https:\/\/tinostone.com\/es\/politica-de-calidad-y-medio-ambiente\/","og_locale":"es_ES","og_type":"article","og_title":"Pol\u00edtica de calidad y Medio Ambiente - TINO","og_url":"https:\/\/tinostone.com\/es\/politica-de-calidad-y-medio-ambiente\/","og_site_name":"TINO","article_publisher":"https:\/\/www.facebook.com\/tinonaturalstone\/?ref=bookmarks","article_modified_time":"2024-03-28T11:49:11+00:00","twitter_card":"summary_large_image","twitter_site":"@tinostone_","twitter_misc":{"Tiempo de lectura":"3 minutos"},"schema":{"@context":"https:\/\/schema.org","@graph":[{"@type":"WebPage","@id":"https:\/\/tinostone.com\/es\/politica-de-calidad-y-medio-ambiente\/","url":"https:\/\/tinostone.com\/es\/politica-de-calidad-y-medio-ambiente\/","name":"Pol\u00edtica de calidad y Medio Ambiente - TINO","isPartOf":{"@id":"https:\/\/tinostone.com\/#website"},"datePublished":"2018-07-17T14:32:12+00:00","dateModified":"2024-03-28T11:49:11+00:00","inLanguage":"es","potentialAction":[{"@type":"ReadAction","target":["https:\/\/tinostone.com\/es\/politica-de-calidad-y-medio-ambiente\/"]}]},{"@type":"WebSite","@id":"https:\/\/tinostone.com\/#website","url":"https:\/\/tinostone.com\/","name":"TINO","description":"Natural Stone","potentialAction":[{"@type":"SearchAction","target":{"@type":"EntryPoint","urlTemplate":"https:\/\/tinostone.com\/?s={search_term_string}"},"query-input":{"@type":"PropertyValueSpecification","valueRequired":true,"valueName":"search_term_string"}}],"inLanguage":"es"}]}},"_links":{"self":[{"href":"https:\/\/tinostone.com\/es\/wp-json\/wp\/v2\/pages\/11286","targetHints":{"allow":["GET"]}}],"collection":[{"href":"https:\/\/tinostone.com\/es\/wp-json\/wp\/v2\/pages"}],"about":[{"href":"https:\/\/tinostone.com\/es\/wp-json\/wp\/v2\/types\/page"}],"author":[{"embeddable":true,"href":"https:\/\/tinostone.com\/es\/wp-json\/wp\/v2\/users\/15"}],"replies":[{"embeddable":true,"href":"https:\/\/tinostone.com\/es\/wp-json\/wp\/v2\/comments?post=11286"}],"version-history":[{"count":1,"href":"https:\/\/tinostone.com\/es\/wp-json\/wp\/v2\/pages\/11286\/revisions"}],"predecessor-version":[{"id":26462,"href":"https:\/\/tinostone.com\/es\/wp-json\/wp\/v2\/pages\/11286\/revisions\/26462"}],"wp:attachment":[{"href":"https:\/\/tinostone.com\/es\/wp-json\/wp\/v2\/media?parent=11286"}],"curies":[{"name":"wp","href":"https:\/\/api.w.org\/{rel}","templated":true}]}}